{"id":50,"date":"2018-05-24T11:14:26","date_gmt":"2018-05-24T09:14:26","guid":{"rendered":"http:\/\/demo.athemes.com\/sydney-temp\/?page_id=2"},"modified":"2022-06-10T15:48:09","modified_gmt":"2022-06-10T13:48:09","slug":"el-entorno","status":"publish","type":"page","link":"https:\/\/www.casanastasia.com\/gl\/el-entorno\/","title":{"rendered":"El Entorno"},"content":{"rendered":"\t\t<div data-elementor-type=\"wp-page\" data-elementor-id=\"50\" class=\"elementor elementor-50\">\n\t\t\t\t\t\t<section class=\"elementor-section elementor-top-section elementor-element elementor-element-b682e53 elementor-section-boxed elementor-section-height-default elementor-section-height-default\" data-id=\"b682e53\" data-element_type=\"section\">\n\t\t\t\t\t\t<div class=\"elementor-container elementor-column-gap-default\">\n\t\t\t\t\t<div class=\"elementor-column elementor-col-100 elementor-top-column elementor-element elementor-element-40a5b67\" data-id=\"40a5b67\" data-element_type=\"column\">\n\t\t\t<div class=\"elementor-widget-wrap elementor-element-populated\">\n\t\t\t\t\t\t<div class=\"elementor-element elementor-element-6a99e02 elementor-widget elementor-widget-heading\" data-id=\"6a99e02\" data-element_type=\"widget\" data-widget_type=\"heading.default\">\n\t\t\t\t<div class=\"elementor-widget-container\">\n\t\t\t\t\t<h2 class=\"elementor-heading-title elementor-size-default\">O Entorno<\/h2>\t\t\t\t<\/div>\n\t\t\t\t<\/div>\n\t\t\t\t<div class=\"elementor-element elementor-element-57b1b96 elementor-widget-divider--view-line elementor-widget elementor-widget-divider\" data-id=\"57b1b96\" data-element_type=\"widget\" data-widget_type=\"divider.default\">\n\t\t\t\t<div class=\"elementor-widget-container\">\n\t\t\t\t\t\t\t<div class=\"elementor-divider\">\n\t\t\t<span class=\"elementor-divider-separator\">\n\t\t\t\t\t\t<\/span>\n\t\t<\/div>\n\t\t\t\t\t\t<\/div>\n\t\t\t\t<\/div>\n\t\t\t\t\t<\/div>\n\t\t<\/div>\n\t\t\t\t\t<\/div>\n\t\t<\/section>\n\t\t\t\t<section class=\"elementor-section elementor-top-section elementor-element elementor-element-d139576 elementor-section-stretched elementor-section-boxed elementor-section-height-default elementor-section-height-default\" data-id=\"d139576\" data-element_type=\"section\" data-settings=\"{&quot;stretch_section&quot;:&quot;section-stretched&quot;}\">\n\t\t\t\t\t\t<div class=\"elementor-container elementor-column-gap-default\">\n\t\t\t\t\t<div class=\"elementor-column elementor-col-100 elementor-top-column elementor-element elementor-element-cd73b8f\" data-id=\"cd73b8f\" data-element_type=\"column\">\n\t\t\t<div class=\"elementor-widget-wrap elementor-element-populated\">\n\t\t\t\t\t\t<div class=\"elementor-element elementor-element-ac6aeaa elementor-tabs-view-vertical elementor-widget elementor-widget-tabs\" data-id=\"ac6aeaa\" data-element_type=\"widget\" data-widget_type=\"tabs.default\">\n\t\t\t\t<div class=\"elementor-widget-container\">\n\t\t\t\t\t\t\t<div class=\"elementor-tabs\">\n\t\t\t<div class=\"elementor-tabs-wrapper\" role=\"tablist\" >\n\t\t\t\t\t\t\t\t\t<div id=\"elementor-tab-title-1801\" class=\"elementor-tab-title elementor-tab-desktop-title\" aria-selected=\"true\" data-tab=\"1\" role=\"tab\" tabindex=\"0\" aria-controls=\"elementor-tab-content-1801\" aria-expanded=\"false\"><i class=\"fa fa-info-circle\"><\/i> Lugares de interese<\/div>\n\t\t\t\t\t\t\t\t\t<div id=\"elementor-tab-title-1802\" class=\"elementor-tab-title elementor-tab-desktop-title\" aria-selected=\"false\" data-tab=\"2\" role=\"tab\" tabindex=\"-1\" aria-controls=\"elementor-tab-content-1802\" aria-expanded=\"false\"><i class=\"fa fa-map-signs\"><\/i> Rutas de Sendeirismo<\/div>\n\t\t\t\t\t\t\t\t\t<div id=\"elementor-tab-title-1803\" class=\"elementor-tab-title elementor-tab-desktop-title\" aria-selected=\"false\" data-tab=\"3\" role=\"tab\" tabindex=\"-1\" aria-controls=\"elementor-tab-content-1803\" aria-expanded=\"false\"><i class=\"fa fa-life-ring\"><\/i> Praias<\/div>\n\t\t\t\t\t\t\t\t\t<div id=\"elementor-tab-title-1804\" class=\"elementor-tab-title elementor-tab-desktop-title\" aria-selected=\"false\" data-tab=\"4\" role=\"tab\" tabindex=\"-1\" aria-controls=\"elementor-tab-content-1804\" aria-expanded=\"false\"><i class=\"fa fa-male\"><\/i> Tirolina das minas<\/div>\n\t\t\t\t\t\t\t<\/div>\n\t\t\t<div class=\"elementor-tabs-content-wrapper\" role=\"tablist\" aria-orientation=\"vertical\">\n\t\t\t\t\t\t\t\t\t<div class=\"elementor-tab-title elementor-tab-mobile-title\" aria-selected=\"true\" data-tab=\"1\" role=\"tab\" tabindex=\"0\" aria-controls=\"elementor-tab-content-1801\" aria-expanded=\"false\"><i class=\"fa fa-info-circle\"><\/i> Lugares de interese<\/div>\n\t\t\t\t\t<div id=\"elementor-tab-content-1801\" class=\"elementor-tab-content elementor-clearfix\" data-tab=\"1\" role=\"tabpanel\" aria-labelledby=\"elementor-tab-title-1801\" tabindex=\"0\" hidden=\"false\"><h4><strong>A Pontenova<\/strong><\/h4>\n<img decoding=\"async\" style=\"width: 100%;\" title=\"A Pontenova\" src=\"https:\/\/www.casanastasia.com\/wp-content\/uploads\/2019\/11\/a-pontenova-1.jpg\" alt=\"A Pontenova\" \/>\n\nO Concello de A Pontenova est\u00e1 situado \u00f3 noreste da provincia de Lugo e por el transcurre o R\u00edo Eo na zona media alta do seu percorrido, \u00e9 por esta raz\u00f3n por a que se poden ver fermosos vales e paisaxes monta\u00f1osos na zona.\n<br>\n<strong>Qu\u00e9 ver en A Pontenova?<\/strong>\n<ul>\n \t<li>A Ferrer\u00eda de Bogo, fundada durante o s\u00e9culo XVI, de interese etnogr\u00e1fico.<\/li>\n \t<li>Ruta sendeirista en Taramundi e Teixois.<\/li>\n \t<li>A igrexa de Conforto, que data do s\u00e9culo XVII, de estilo barroco.<\/li>\n \t<li>Os fornos de A Pontenova, do s\u00e9culo XX, mostra da industria galega.<\/li>\n \t<li>A igrexa de Vilaboa, que data do s\u00e9culo XVIII.<\/li>\n<\/ul>\n\n\n<hr \/>\n\n<h4>Mondo\u00f1edo<\/h4>\n<img decoding=\"async\" style=\"width: 100%;\" title=\"Mondo\u00f1edo\" src=\"https:\/\/www.casanastasia.com\/wp-content\/uploads\/2019\/11\/mondonedo-1.jpg\" alt=\"Mondo\u00f1edo\" \/>\n\nMondo\u00f1edo \u00e9 un Concello lucense con un grande patrimonio hist\u00f3rico e cultural, con unha grande riqueza natural e onde a gastronom\u00eda tam\u00e9n ten un importante papel. Na actualidade conta con un impresionante Casco Hist\u00f3rico, declarado como tal en 1985 e incluido dentro da rede dos Pobos M\u00e1is Bonitos de Espa\u00f1a (2017), e, de todo el, o monumento m\u00e1is destacado \u00e9 a s\u00faa Catedral Bas\u00edlica da Asunci\u00f3n que \u00e9, xunto o Cami\u00f1o Norte a Santiago, Patrimonio da UNESCO dende 2015.\n<br>\n<strong>\u00bfQu\u00e9 ver en Mondo\u00f1edo?<\/span><\/strong>\n<ul>\n \t<li>As mostras de arquitectura civil no paseo que percorre o casco antigo da localidade.<\/li>\n \t<li>A Catedral, que data do s\u00e9culo XIII.<\/li>\n \t<li>O Santuario dos Remedios, que data do s\u00e9culo XVIII.<\/li>\n \t<li>O Cami\u00f1o de Santiago que pasa por esta localidade faie que os seus servizos se multipliquen e sexan m\u00e1is atractivos.<\/li>\n \t<li>Os restos arqueol\u00f3xicos de \u00e9pocas prehist\u00f3ricas, como no vale de Zo\u00f1\u00e1n.<\/li>\n<\/ul>\n\n\n<hr \/>\n\n<h4>Taramundi<\/h4>\n<img decoding=\"async\" style=\"width: 100%;\" title=\"Taramundi\" src=\"https:\/\/www.casanastasia.com\/wp-content\/uploads\/2019\/11\/taramundi-1.jpg\" alt=\"Taramundi\" \/>\n\nTaramundi \u00e9 un concello pertencente \u00f3 Principado de Asturias, moi pr\u00f3ximo \u00e1  provincia de Lugo. Falar de Taramundi sup\u00f3n falar dun mundo de costumes e oficios tradicionais que se conservaron ata a actualidade, e un lugar referencia no turismo rural espa\u00f1ol.\n<br>\n<strong>Qu\u00e9 ver en Taramundi?<\/strong>\n<ul class=\"entorno-lista\">\n \t<li>Conxunto Etnogr\u00e1fico de Os Teixois<\/li>\n \t<li>Museo dos Mui\u00f1os de Mazonovo<\/li>\n \t<li>Casa da Auga de Bres<\/li>\n \t<li>Casa \u2013 Museo da Coiteler\u00eda Tradicional<\/li>\n \t<li>Museo Etnogr\u00e1fico e Obradoiro de Navallas<\/li>\n<\/ul>\n\n<hr \/>\n\n<h4>Meira<\/h4>\n<img decoding=\"async\" style=\"width: 100%;\" title=\"Meira\" src=\"https:\/\/www.casanastasia.com\/wp-content\/uploads\/2019\/11\/meira-1.jpg\" alt=\"Meira\" \/>\n\nMeira \u00e9 unha localidade da provincia de Lugo situada \u00f3 noroeste da provincia, entre a Terra Ch\u00e1 e as Serras Orientais, popularmente co\u00f1ocida por ser o lugar do nacemento do R\u00edo Mi\u00f1o.\n<br>\n<strong>Qu\u00e9 ver en Meira?<\/strong>\n<ul class=\"entorno-lista\">\n \t<li>Pedregal de Irimia -Nacemento Rio Mi\u00f1o<\/li>\n \t<li>Mosteiro de Santa Mar\u00eda de Meira<\/li>\n<\/ul>\n<\/div>\n\t\t\t\t\t\t\t\t\t<div class=\"elementor-tab-title elementor-tab-mobile-title\" aria-selected=\"false\" data-tab=\"2\" role=\"tab\" tabindex=\"-1\" aria-controls=\"elementor-tab-content-1802\" aria-expanded=\"false\"><i class=\"fa fa-map-signs\"><\/i> Rutas de Sendeirismo<\/div>\n\t\t\t\t\t<div id=\"elementor-tab-content-1802\" class=\"elementor-tab-content elementor-clearfix\" data-tab=\"2\" role=\"tabpanel\" aria-labelledby=\"elementor-tab-title-1802\" tabindex=\"0\" hidden=\"hidden\"><h4>A Pontenova<\/h4><p><strong>RUTA DE LAS REIGADAS<\/strong><\/p><p><img decoding=\"async\" style=\"width: 100%;\" title=\"Ruta das Reigadas\" src=\"https:\/\/www.casanastasia.com\/wp-content\/uploads\/2019\/11\/ruta-reigadas.jpg\" alt=\"Ruta das Reigadas\" \/><\/p><table style=\"width: 50%; margin: auto;\"><tbody><tr><td><i class=\"fa fa-link\"><\/i><br \/>Dificultad<\/td><td><i class=\"fa fa-arrows-h\"><\/i><br \/>Distancia<\/td><td><i class=\"fa fa-clock-o\"><\/i><br \/>Tiempo<\/td><\/tr><tr><td>Media &#8211; Baja<\/td><td>14 Km<\/td><td>4 h<\/td><\/tr><\/tbody><\/table><p style=\"padding-left: 40px;\"><strong>Tramo Barreiros &#8211; Ponte Paradela<\/strong><\/p><p style=\"padding-left: 40px;\">El inicio del primer tramo de la ruta se sit\u00faa a 785 metros de altitud en el lugar de Barreiros, perteneciente a la parroquia de San Pedro de Bogo. La ausencia de vegetaci\u00f3n arb\u00f3rea durante los primeros 600 metros del camino nos permite gozar, desde su cabecera sur, de una reconfortante vista panor\u00e1mica caracterizada por la frondosidad del bosque en el que discurre la Ruta de las Reigadas.<\/p><p style=\"padding-left: 40px;\">Tras de s\u00ed, el camino gira bruscamente a la derecha para internarse en una masa de pinos, e inmediatamente despu\u00e9s, nos introducir\u00e1 en la vegetaci\u00f3n caracter\u00edstica de la fraga, compuesta en su estrato arb\u00f3reo por robles, casta\u00f1os, avellanos y acebos, que se ver\u00e1n acompa\u00f1ados de un abundante tapiz arbustivo-herb\u00e1ceo conformado por brecinas, helechos y ar\u00e1ndanos, junto con los hongos y l\u00edquenes que acarician las rocas de los numerosos arroyos y cascadas que confluyen en el r\u00edo que da nombre a la ruta.<\/p><p style=\"padding-left: 40px;\">Los numerosos puentes con los que se encontrar\u00e1 el caminante permitir\u00e1n acompa\u00f1arlo en su sigiloso discurrir a trav\u00e9s de la fraga de las Reigadas, acabando \u00e9sta con la llegada a Ponte Paradela, final del primer tramo de la ruta.<\/p><p style=\"padding-left: 40px;\"><strong>Tramo Ponte Paradela &#8211; Herrer\u00eda de San Pedro<\/strong><\/p><p style=\"padding-left: 40px;\">A 1,8 Km. al suroeste de Vilarxuv\u00edn perteneciente a la parroquia de San Pedro de Bogo y a 410 metros de altitud comienza el segundo tramo de la ruta. Despu\u00e9s de los primeros 100 metros, que transcurren por carretera asfaltada, nos desviamos a la izquierda para adentrarnos en la fraga de Vilarxuv\u00edn.<\/p><p style=\"padding-left: 40px;\">En su primer tramo, el camino discurre en curva de nivel unos 50 metros por encima del margen derecho del lecho del r\u00edo Reigadas que, con su presencia, dar\u00e1 lugar a la frondosidad de la vegetaci\u00f3n con la que all\u00ed se encontrar\u00e1 el caminante. Abundantes masas mixtas de robles y casta\u00f1os en las que, en algunos casos, destacar\u00e1n hermosos ejemplares centenarios, se ver\u00e1n acompa\u00f1adas por avellanos, arces blancos y fresnos junto con alg\u00fan cerezo disperso, para despu\u00e9s de bajar la mirada, encontrarnos con el estrato arbustivo-herb\u00e1ceo constituido por brecinas, ruscos, helechos y ar\u00e1ndanos junto con los l\u00edquenes y hongos de las rocas.<\/p><p style=\"padding-left: 40px;\">Despu\u00e9s de caminar 2,5 Km., y de cruzarnos con una &#8220;corripa&#8221; para la conservaci\u00f3n y maduraci\u00f3n de las casta\u00f1as, con unos antiguos molinos y numerosos puentes, llegamos al final del bosque de Vilarxuv\u00edn, para que de repente, se abra el \u00e1ngulo de visi\u00f3n del caminante y as\u00ed poder apreciar la acci\u00f3n antr\u00f3pica en la conformaci\u00f3n del paisaje, con la presencia de masas de con\u00edferas y alg\u00fan pie de eucalipto aislado que se mezcla con las masas de frondosas aut\u00f3ctonas.<\/p><p style=\"padding-left: 40px;\">Para acabar el segundo tramo de la ruta, \u00fanicamente falta un pronunciado descenso que nos llevar\u00e1 al lado de la Herrer\u00eda de Bogo, situada en la parroquia de San Pedro de Bogo, y que fue fundada en el a\u00f1o 1534 por el hidalgo Pedro de Miranda para el aprovechamiento de las riquezas f\u00e9rricas de sus tierras a partir de la fuerza motora del r\u00edo Reigadas.<\/p><p style=\"padding-left: 40px;\"><strong>Tramo Herrer\u00eda de San Pedro &#8211; A Ermida<\/strong><\/p><p style=\"padding-left: 40px;\">El tercer tramo comienza a 210 metros de altitud en el lugar de Herrer\u00eda de San Pedro de Bogo, y se caracteriza por su discurrir por espacios abiertos.<\/p><p style=\"padding-left: 40px;\">La vegetaci\u00f3n con la que nos encontraremos comprende un amplio abanico de conformaciones vegetales: masas de con\u00edferas frondosas aut\u00f3ctonas, as\u00ed como pastos presentes al lado de los n\u00facleos de poblaci\u00f3n de Machuco, Mui\u00f1ou y Panturreira con los que se cruzar\u00e1 el caminante y que har\u00e1n que tenga que prestar especial atenci\u00f3n a los elementos identificativos de la ruta para no desviarse del camino programado.<\/p><p style=\"padding-left: 40px;\">Despu\u00e9s de caminar 3,6 Km. por este \u00faltimo tramo, llegamos al lugar de A Ermida, parroquia de San Xuli\u00e1n de Vilaboa donde finaliza la Ruta de las Reigadas.<\/p><p style=\"text-align: right;\">Fuente: Concello de A Pontenova<\/p><p><strong>RUTA DE LA SEIMEIRA<br \/><\/strong><\/p><p><img decoding=\"async\" style=\"width: 100%;\" title=\"Ruta da Seimeira\" src=\"https:\/\/www.casanastasia.com\/wp-content\/uploads\/2019\/11\/ruta-seimieira.jpg\" alt=\"Ruta da Seimeira\" \/><\/p><table style=\"width: 50%; margin: auto;\"><tbody><tr><td><i class=\"fa fa-link\"><\/i><br \/>Dificultad<\/td><td><i class=\"fa fa-arrows-h\"><\/i><br \/>Distancia<\/td><td><i class=\"fa fa-clock-o\"><\/i><br \/>Tiempo<\/td><\/tr><tr><td>Baja<\/td><td>8 Km<\/td><td>3 h<\/td><\/tr><\/tbody><\/table><p style=\"padding-left: 40px;\">Comienza la ruta adentr\u00e1ndose por un camino rodeado de pinos, acebos, avellanos, casta\u00f1os y robles, que m\u00e1s adelante se convierten en un sendero con un monte bajo mucho m\u00e1s espeso y h\u00famedo, donde comienzan a aparecer los primeros ar\u00e1ndanos, helechos y el moho recubriendo las piedras. A continuaci\u00f3n, el caminante podr\u00e1 escuchar el rugir del agua que cae formando la cascada de la Seimeira, pero que no podr\u00e1 observar desde el sendero sin desviarse.<\/p><p style=\"padding-left: 40px;\">En el punto de desv\u00edo habr\u00e1 que descender por un soto de casta\u00f1os y robles con un firme suelto y pedregoso recubierto por las hojas que caen de los \u00e1rboles, punto desde el cual, se puede ya observar el caer del agua formando una cascada principal y muchas otras m\u00e1s abajo, las cuales se podr\u00e1n contemplar desde su base si se contin\u00faa descendiendo hasta el arroyo.<\/p><p style=\"padding-left: 40px;\">Ya de regreso al sendero abandonado para observar las cascadas, se llega hasta dos molinos que en un tiempo, aprovechando la fuerza del agua permit\u00edan obtener la indispensable harina. Cruzando el arroyo, la ruta se adentra en otro hermoso soto en el que se mezclan casta\u00f1os y robles cubriendo con sus ramas la vida que bajo ellos discurre.<\/p><p style=\"padding-left: 40px;\">El sendero asciende hasta un mirador desde el que se pueden observar las laderas de las dos monta\u00f1as que recorre la ruta y el bosque m\u00e1s abajo. En el monte bajo aparece un abundante tapiz de ar\u00e1ndanos que dejan paso a helechos en otras zonas. M\u00e1s adelante, el sendero cruza un nuevo arroyo para llegar hasta un camino m\u00e1s amplio que llevar\u00e1 a la aldea de Vilarxuv\u00edn. A lo largo de este camino se pueden observar las grandes rocas de la ladera por la que comenz\u00f3 la andadura as\u00ed como numerosos robles de gran porte, rodeados de tojos, brezos y retamas.<\/p><p style=\"padding-left: 40px;\">Al llegar a Vilarxuv\u00edn se encuentra un desv\u00edo a mano derecha con un panel de se\u00f1alizaci\u00f3n desde donde se puede enlazar con la Ruta de las Reigadas, acerc\u00e1ndose hasta Ponte Paradela. Tambi\u00e9n tendremos la posibilidad de elegir otra ruta monta\u00f1a abajo que nos llevar\u00e1 a la de las Reigadas para juntarse con \u00e9sta a la altura de los molinos, uno de ellos conocido como Molino de la Seimeira; o bien, otra que nos llevar\u00e1 al Puente de Escourido donde se juntan el arroyo de Sanx\u00e9s y el R\u00edo das Reigadas.<\/p><p style=\"text-align: right;\">Fuente: Concello de A Pontenova<\/p><p><strong>RUTA DEL FERROCARRIL<\/strong><\/p><p><img decoding=\"async\" style=\"width: 100%;\" title=\"Ruta do ferrocarril\" src=\"https:\/\/www.casanastasia.com\/wp-content\/uploads\/2019\/11\/ruta-ferrocarril.jpg\" alt=\"Ruta do ferrocarril\" \/><\/p><table style=\"width: 50%; margin: auto;\"><tbody><tr><td><i class=\"fa fa-link\"><\/i><br \/>Dificultad<\/td><td><i class=\"fa fa-arrows-h\"><\/i><br \/>Distancia<\/td><td><i class=\"fa fa-clock-o\"><\/i><br \/>Tiempo<\/td><\/tr><tr><td>Baja<\/td><td>14 Km<\/td><td>4 h<\/td><\/tr><\/tbody><\/table><div class=\"column one-second\"><p style=\"padding-left: 40px;\">El recorrido transita por la antigua v\u00eda del ferrocarril minero que realiz\u00f3 la l\u00ednea <b>Villaodrid<\/b>&#8211;<b>Ribadeo<\/b> hasta el a\u00f1o 1964, muestra de arquitectura industrial del siglo XX.<\/p><p style=\"padding-left: 40px;\">Iniciamos el paseo en la antigua estaci\u00f3n de <b>San Tirso de Abres<\/b>, hoy rehabilitada para vivienda privada, encontr\u00e1ndonos el primero de los seis t\u00faneles a escasos 300 m, continuando al lado del magnifico paraje del <b>R\u00edo Eo<\/b> disfrutando en cada momento de estupendas panor\u00e1micas del cauce fluvial, de incalculable valor ecol\u00f3gico y pisc\u00edcola, en el que abundan gran n\u00famero de especies acu\u00e1ticas siendo las m\u00e1s caracter\u00edsticas la trucha, la lamprea y el salm\u00f3n.<\/p><p style=\"padding-left: 40px;\">Posteriormente el camino atraviesa la carretera general N-640 y nos conduce hasta una antigua central el\u00e9ctrica construida en 1932 situada justo antes de atravesar otro de los t\u00faneles horadados en la roca viva, que nos deja pr\u00f3ximos a la pasarela peatonal sobre el <b>R\u00edo Eo<\/b>.<\/p><\/div><div class=\"column one-second\" style=\"padding-left: 40px;\"><p>Poco despu\u00e9s del \u00faltimo t\u00fanel nos encontramos con unas peque\u00f1as construcciones de mamposter\u00eda \u201ccasetos\u201d, con cubierta de pizarra a dos aguas que serv\u00edan para albergar el carb\u00f3n usado por el ferrocarril. Siguiendo la ruta llegamos al punto donde <b>Galicia<\/b> y <b>Asturias<\/b> se dan la mano, sobre el arroyo de <b>O Cairo<\/b> que act\u00faa de divisoria natural. En este punto termina la parte asturiana de la ruta y podemos optar por dar la vuelta o continuar durante 6 km., por asfalto hasta llegar al pueblo de <b>A Pontenova<\/b> (<b>Lugo<\/b>), donde se yerguen cuatro hornos de calcinaci\u00f3n que serv\u00edan para transformar el mineral que transportaba el ferrocarril.<\/p><p>Volveremos hasta <b>San Tirso<\/b> por el mismo camino de ida.<\/p><p style=\"text-align: right;\">Fuente: Concello de A Pontenova<\/p><\/div><\/div>\n\t\t\t\t\t\t\t\t\t<div class=\"elementor-tab-title elementor-tab-mobile-title\" aria-selected=\"false\" data-tab=\"3\" role=\"tab\" tabindex=\"-1\" aria-controls=\"elementor-tab-content-1803\" aria-expanded=\"false\"><i class=\"fa fa-life-ring\"><\/i> Praias<\/div>\n\t\t\t\t\t<div id=\"elementor-tab-content-1803\" class=\"elementor-tab-content elementor-clearfix\" data-tab=\"3\" role=\"tabpanel\" aria-labelledby=\"elementor-tab-title-1803\" tabindex=\"0\" hidden=\"hidden\"><img decoding=\"async\" style=\"width: 100%;\" title=\"As Catedrais\" src=\"https:\/\/www.casanastasia.com\/wp-content\/uploads\/2019\/11\/as-catedrais.jpg\" alt=\"As Catedrais\" \/>\n\n<strong>Casa Nastasia<\/strong> at\u00f3pase moi pr\u00f3xima \u00e1 Mari\u00f1a Lucense e \u00e1 zona costeira asturiana. A famosa praia de <strong>As Catedrais<\/strong>, a pouco m\u00e1is de 30 minutos, \u00e9 un lugar \u00fanico na xeograf\u00eda espa\u00f1ola e est\u00e1 reco\u00f1ecida como Monumento Natural.\n\n<table>\n<tbody>\n<tr>\n<td style=\"border: 0px; text-align: left;\">\n<ul class=\"entorno-lista\">\n \t<li><a href=\"https:\/\/goo.gl\/maps\/tGFoSdWjtCb9DNSX6\" target=\"_blank\" rel=\"noopener\">Ribadeo<\/a><\/li>\n \t<li><a href=\"https:\/\/goo.gl\/maps\/yFQx4C84G4YaXB9f9\" target=\"_blank\" rel=\"noopener\">Rinlo<\/a><\/li>\n \t<li><a href=\"https:\/\/goo.gl\/maps\/iyeavoh8tHhdwRyKA\" target=\"_blank\" rel=\"noopener\">Barreiros<\/a><\/li>\n \t<li><a href=\"https:\/\/goo.gl\/maps\/e5q5MQsMHjNgCHYx8\" target=\"_blank\" rel=\"noopener\">Foz<\/a><\/li>\n \t<li><a href=\"https:\/\/goo.gl\/maps\/GQmGmhxybDLTW3h67\" target=\"_blank\" rel=\"noopener\">Viveiro<\/a><\/li>\n<\/ul>\n<\/td>\n<td style=\"border: 0px; text-align: left;\">\n<ul class=\"entorno-lista\">\n \t<li><a href=\"https:\/\/goo.gl\/maps\/HwbpMyLN7Dqnfs4Y7\" target=\"_blank\" rel=\"noopener\">Castropol<\/a><\/li>\n \t<li><a href=\"https:\/\/goo.gl\/maps\/BdjRjQXzJPYZZnYP6\" target=\"_blank\" rel=\"noopener\">Figueras<\/a><\/li>\n \t<li><a href=\"https:\/\/goo.gl\/maps\/6hU2tUnRLp5519MbA\" target=\"_blank\" rel=\"noopener\">Tapia de Casariego<\/a><\/li>\n<\/ul>\n<\/td>\n<\/tr>\n<\/tbody>\n<\/table><\/div>\n\t\t\t\t\t\t\t\t\t<div class=\"elementor-tab-title elementor-tab-mobile-title\" aria-selected=\"false\" data-tab=\"4\" role=\"tab\" tabindex=\"-1\" aria-controls=\"elementor-tab-content-1804\" aria-expanded=\"false\"><i class=\"fa fa-male\"><\/i> Tirolina das minas<\/div>\n\t\t\t\t\t<div id=\"elementor-tab-content-1804\" class=\"elementor-tab-content elementor-clearfix\" data-tab=\"4\" role=\"tabpanel\" aria-labelledby=\"elementor-tab-title-1804\" tabindex=\"0\" hidden=\"hidden\"><h4><strong>Tirolina das Minas<br \/><\/strong><\/h4><p><img fetchpriority=\"high\" decoding=\"async\" class=\"aligncenter wp-image-822 size-full\" src=\"https:\/\/www.casanastasia.com\/wp-content\/uploads\/2022\/06\/tirolina.jpg\" alt=\"\" width=\"1200\" height=\"384\" srcset=\"https:\/\/www.casanastasia.com\/wp-content\/uploads\/2022\/06\/tirolina.jpg 1200w, https:\/\/www.casanastasia.com\/wp-content\/uploads\/2022\/06\/tirolina-300x96.jpg 300w, https:\/\/www.casanastasia.com\/wp-content\/uploads\/2022\/06\/tirolina-1024x328.jpg 1024w, https:\/\/www.casanastasia.com\/wp-content\/uploads\/2022\/06\/tirolina-768x246.jpg 768w, https:\/\/www.casanastasia.com\/wp-content\/uploads\/2022\/06\/tirolina-830x266.jpg 830w, https:\/\/www.casanastasia.com\/wp-content\/uploads\/2022\/06\/tirolina-230x74.jpg 230w, https:\/\/www.casanastasia.com\/wp-content\/uploads\/2022\/06\/tirolina-350x112.jpg 350w, https:\/\/www.casanastasia.com\/wp-content\/uploads\/2022\/06\/tirolina-480x154.jpg 480w\" sizes=\"(max-width: 1200px) 100vw, 1200px\" \/><\/p><p>\u00abTirolina das Minas\u00bb \u00e9 o nome comercial dun complexo hist\u00f3rico-recreativo que se sit\u00faa no municipio de A Pontenova (Lugo), dentro da Reserva da Biosfera Oscos-Eo e Terras de Bur\u00f3n, o cal de por si xa constit\u00fae un atractivo tur\u00edstico. Est\u00e1 na fronteria entre Asturias e Galicia, moi pr\u00f3ximo a Taramundi que foi, e sigue sendo, un dos referentes no turismo rural do Estado espa\u00f1ol. Adem\u00e1is, A Pontenova forma parte do Xeodestino da Mari\u00f1a Lucense. Tr\u00e1tase dun municipio que ven apostando moi forte nos \u00faltimos anos pola valorizaci\u00f3n e divulgaci\u00f3n do seu patrimonio hist\u00f3rico e natural.<\/p><p><\/p><p><a href=\"https:\/\/tirolinadasminas.com\/\" target=\"_blank\" rel=\"noopener\"><img decoding=\"async\" class=\"size-medium wp-image-823 aligncenter\" src=\"https:\/\/www.casanastasia.com\/wp-content\/uploads\/2022\/06\/tirolina-das-minas-300x99.webp\" alt=\"\" width=\"300\" height=\"99\" srcset=\"https:\/\/www.casanastasia.com\/wp-content\/uploads\/2022\/06\/tirolina-das-minas-300x99.webp 300w, https:\/\/www.casanastasia.com\/wp-content\/uploads\/2022\/06\/tirolina-das-minas-230x76.webp 230w, https:\/\/www.casanastasia.com\/wp-content\/uploads\/2022\/06\/tirolina-das-minas.webp 302w\" sizes=\"(max-width: 300px) 100vw, 300px\" \/><\/a><\/p><\/div>\n\t\t\t\t\t\t\t<\/div>\n\t\t<\/div>\n\t\t\t\t\t\t<\/div>\n\t\t\t\t<\/div>\n\t\t\t\t\t<\/div>\n\t\t<\/div>\n\t\t\t\t\t<\/div>\n\t\t<\/section>\n\t\t\t\t<\/div>\n\t\t","protected":false},"excerpt":{"rendered":"<p>O Entorno Lugares de interese Rutas de Sendeirismo Praias Tirolina das minas Lugares de interese A Pontenova O Concello de A Pontenova est\u00e1 situado \u00f3 noreste da provincia de Lugo e por el transcurre o R\u00edo Eo na zona media alta do seu percorrido, \u00e9 por esta raz\u00f3n por a que se poden ver fermosos [&hellip;]<\/p>\n","protected":false},"author":1,"featured_media":0,"parent":0,"menu_order":0,"comment_status":"closed","ping_status":"closed","template":"elementor_header_footer","meta":{"footnotes":""},"class_list":["post-50","page","type-page","status-publish","hentry"],"_links":{"self":[{"href":"https:\/\/www.casanastasia.com\/gl\/wp-json\/wp\/v2\/pages\/50","targetHints":{"allow":["GET"]}}],"collection":[{"href":"https:\/\/www.casanastasia.com\/gl\/wp-json\/wp\/v2\/pages"}],"about":[{"href":"https:\/\/www.casanastasia.com\/gl\/wp-json\/wp\/v2\/types\/page"}],"author":[{"embeddable":true,"href":"https:\/\/www.casanastasia.com\/gl\/wp-json\/wp\/v2\/users\/1"}],"replies":[{"embeddable":true,"href":"https:\/\/www.casanastasia.com\/gl\/wp-json\/wp\/v2\/comments?post=50"}],"version-history":[{"count":34,"href":"https:\/\/www.casanastasia.com\/gl\/wp-json\/wp\/v2\/pages\/50\/revisions"}],"predecessor-version":[{"id":829,"href":"https:\/\/www.casanastasia.com\/gl\/wp-json\/wp\/v2\/pages\/50\/revisions\/829"}],"wp:attachment":[{"href":"https:\/\/www.casanastasia.com\/gl\/wp-json\/wp\/v2\/media?parent=50"}],"curies":[{"name":"wp","href":"https:\/\/api.w.org\/{rel}","templated":true}]}}