{"id":321,"date":"2019-11-18T13:22:54","date_gmt":"2019-11-18T12:22:54","guid":{"rendered":"https:\/\/www.casanastasia.com\/?page_id=321"},"modified":"2025-02-20T18:53:19","modified_gmt":"2025-02-20T17:53:19","slug":"la-casa","status":"publish","type":"page","link":"https:\/\/www.casanastasia.com\/gl\/la-casa\/","title":{"rendered":"La casa"},"content":{"rendered":"\t\t<div data-elementor-type=\"wp-page\" data-elementor-id=\"321\" class=\"elementor elementor-321\">\n\t\t\t\t\t\t<section class=\"elementor-section elementor-top-section elementor-element elementor-element-634079a elementor-section-boxed elementor-section-height-default elementor-section-height-default\" data-id=\"634079a\" data-element_type=\"section\">\n\t\t\t\t\t\t<div class=\"elementor-container elementor-column-gap-default\">\n\t\t\t\t\t<div class=\"elementor-column elementor-col-50 elementor-top-column elementor-element elementor-element-bc642bd\" data-id=\"bc642bd\" data-element_type=\"column\">\n\t\t\t<div class=\"elementor-widget-wrap elementor-element-populated\">\n\t\t\t\t\t\t<div class=\"elementor-element elementor-element-fb3992d elementor-widget elementor-widget-image\" data-id=\"fb3992d\" data-element_type=\"widget\" data-widget_type=\"image.default\">\n\t\t\t\t<div class=\"elementor-widget-container\">\n\t\t\t\t\t\t\t\t\t\t\t\t\t\t\t<img fetchpriority=\"high\" decoding=\"async\" width=\"621\" height=\"905\" src=\"https:\/\/www.casanastasia.com\/wp-content\/uploads\/2019\/11\/casa-nastasia-principal.jpg\" class=\"attachment-large size-large wp-image-378\" alt=\"\" srcset=\"https:\/\/www.casanastasia.com\/wp-content\/uploads\/2019\/11\/casa-nastasia-principal.jpg 621w, https:\/\/www.casanastasia.com\/wp-content\/uploads\/2019\/11\/casa-nastasia-principal-206x300.jpg 206w, https:\/\/www.casanastasia.com\/wp-content\/uploads\/2019\/11\/casa-nastasia-principal-230x335.jpg 230w, https:\/\/www.casanastasia.com\/wp-content\/uploads\/2019\/11\/casa-nastasia-principal-350x510.jpg 350w, https:\/\/www.casanastasia.com\/wp-content\/uploads\/2019\/11\/casa-nastasia-principal-480x700.jpg 480w\" sizes=\"(max-width: 621px) 100vw, 621px\" \/>\t\t\t\t\t\t\t\t\t\t\t\t\t\t\t<\/div>\n\t\t\t\t<\/div>\n\t\t\t\t\t<\/div>\n\t\t<\/div>\n\t\t\t\t<div class=\"elementor-column elementor-col-50 elementor-top-column elementor-element elementor-element-cd8eca8\" data-id=\"cd8eca8\" data-element_type=\"column\">\n\t\t\t<div class=\"elementor-widget-wrap elementor-element-populated\">\n\t\t\t\t\t\t<div class=\"elementor-element elementor-element-354ee27 elementor-widget elementor-widget-heading\" data-id=\"354ee27\" data-element_type=\"widget\" data-widget_type=\"heading.default\">\n\t\t\t\t<div class=\"elementor-widget-container\">\n\t\t\t\t\t<h2 class=\"elementor-heading-title elementor-size-default\">Un paraiso natural entre Galicia e Asturias<\/h2>\t\t\t\t<\/div>\n\t\t\t\t<\/div>\n\t\t\t\t<div class=\"elementor-element elementor-element-b081fdb elementor-widget elementor-widget-text-editor\" data-id=\"b081fdb\" data-element_type=\"widget\" data-widget_type=\"text-editor.default\">\n\t\t\t\t<div class=\"elementor-widget-container\">\n\t\t\t\t\t\t\t\t\t<p><strong>Casa Nastasia<\/strong> at\u00f3pase no pequeno pobo de Santa Mar\u00eda Magdalena de <strong>Xud\u00e1n<\/strong> (A Pontenova), unha parroquia de algo menos de 200 habitantes. Lonxe do ru\u00eddo e a cidade, constit\u00fae un lugar \u00fanico para descansar en completa armon\u00eda coa natureza.<\/p><p>A casa, unha edificaci\u00f3n distribu\u00edda en 2 plantas con buhardilla, data dos anos 30 e foi completamente reformada para ofrecer \u00f3 anfitri\u00f3n todos os servizos de unha vivenda moderna. Pos\u00fae tam\u00e9n unha zona axardinada con barbacoa e unha zona de aparcamento.<\/p><p>Xeogr\u00e1ficamente, <strong>Casa Nastasia<\/strong> at\u00f3pase nun lugar \u00fanico na provincia de Lugo. A poucos kil\u00f3metros da fronteira con Asturias e a menos de 30 minutos en coche de lugares culturalmente populares como a Catedral de <strong>Mondo\u00f1edo<\/strong>, a Praia de <strong>As Catedrais<\/strong> (Ribadeo), o nacemento do R\u00edo Mi\u00f1o (<strong>Meira<\/strong>) ou o reco\u00f1ecido pobo de <strong>Taramundi<\/strong>.<\/p><p><strong>Casa Nastasia<\/strong>, at\u00f3pase en pleno coraz\u00f3n da co\u00f1ecida <strong>Reserva da Biosfera R\u00edo Eo, Oscos e Terra de Bur\u00f3n<\/strong>, reco\u00f1ecida pola UNESCO no 2007. Adem\u00e1is, a R\u00eda do EO \u00e9 un lugar de interese Comunitario e zona de especial protecci\u00f3n para as aves.<\/p><p>Toda esta comarca, adem\u00e1is de tener un gran valor e calidade gastron\u00f3mica, \u00e9 co\u00f1ecida por ser terra de antigas tradici\u00f3ns, como a fabricaci\u00f3n artesanal de coitelos e navallas. As s\u00faas ferrer\u00edas, mazos e fraguas son visita case obligatoria para co\u00f1ecer como se viv\u00eda s\u00e9culos atr\u00e1s nesta zona con tanto encanto.<\/p><p>Non o penses e disfruta de todo o que <strong>Casa Nastasia<\/strong> che pode ofrecer.<\/p><p><\/p>\t\t\t\t\t\t\t\t<\/div>\n\t\t\t\t<\/div>\n\t\t\t\t\t<\/div>\n\t\t<\/div>\n\t\t\t\t\t<\/div>\n\t\t<\/section>\n\t\t\t\t<section class=\"elementor-section elementor-top-section elementor-element elementor-element-40ac0c6 elementor-section-content-middle elementor-section-stretched elementor-section-boxed elementor-section-height-default elementor-section-height-default\" data-id=\"40ac0c6\" data-element_type=\"section\" data-settings=\"{&quot;background_background&quot;:&quot;classic&quot;,&quot;stretch_section&quot;:&quot;section-stretched&quot;}\">\n\t\t\t\t\t\t<div class=\"elementor-container elementor-column-gap-default\">\n\t\t\t\t\t<div class=\"elementor-column elementor-col-50 elementor-top-column elementor-element elementor-element-ad6ff56\" data-id=\"ad6ff56\" data-element_type=\"column\">\n\t\t\t<div class=\"elementor-widget-wrap elementor-element-populated\">\n\t\t\t\t\t\t<div class=\"elementor-element elementor-element-a180462 elementor-widget elementor-widget-heading\" data-id=\"a180462\" data-element_type=\"widget\" data-widget_type=\"heading.default\">\n\t\t\t\t<div class=\"elementor-widget-container\">\n\t\t\t\t\t<h3 class=\"elementor-heading-title elementor-size-default\">NON PERDAS A OPORTUNIDADE DE ALOXARTE NUN LUGAR \u00daNICO<\/h3>\t\t\t\t<\/div>\n\t\t\t\t<\/div>\n\t\t\t\t\t<\/div>\n\t\t<\/div>\n\t\t\t\t<div class=\"elementor-column elementor-col-50 elementor-top-column elementor-element elementor-element-c32183c\" data-id=\"c32183c\" data-element_type=\"column\">\n\t\t\t<div class=\"elementor-widget-wrap elementor-element-populated\">\n\t\t\t\t\t\t<div class=\"elementor-element elementor-element-0cf3e08 elementor-align-center elementor-widget elementor-widget-button\" data-id=\"0cf3e08\" data-element_type=\"widget\" data-widget_type=\"button.default\">\n\t\t\t\t<div class=\"elementor-widget-container\">\n\t\t\t\t\t\t\t\t\t<div class=\"elementor-button-wrapper\">\n\t\t\t\t\t<a class=\"elementor-button elementor-button-link elementor-size-sm\" href=\"https:\/\/www.booking.com\/hotel\/es\/casa-nastasia-a-pontenova-lugo.es.html\" target=\"_blank\">\n\t\t\t\t\t\t<span class=\"elementor-button-content-wrapper\">\n\t\t\t\t\t\t\t\t\t<span class=\"elementor-button-text\">RESERVA XA!<\/span>\n\t\t\t\t\t<\/span>\n\t\t\t\t\t<\/a>\n\t\t\t\t<\/div>\n\t\t\t\t\t\t\t\t<\/div>\n\t\t\t\t<\/div>\n\t\t\t\t\t<\/div>\n\t\t<\/div>\n\t\t\t\t\t<\/div>\n\t\t<\/section>\n\t\t\t\t<\/div>\n\t\t","protected":false},"excerpt":{"rendered":"<p>Un paraiso natural entre Galicia e Asturias Casa Nastasia at\u00f3pase no pequeno pobo de Santa Mar\u00eda Magdalena de Xud\u00e1n (A Pontenova), unha parroquia de algo menos de 200 habitantes. Lonxe do ru\u00eddo e a cidade, constit\u00fae un lugar \u00fanico para descansar en completa armon\u00eda coa natureza. A casa, unha edificaci\u00f3n distribu\u00edda en 2 plantas con [&hellip;]<\/p>\n","protected":false},"author":1,"featured_media":0,"parent":0,"menu_order":0,"comment_status":"closed","ping_status":"closed","template":"elementor_header_footer","meta":{"footnotes":""},"class_list":["post-321","page","type-page","status-publish","hentry"],"_links":{"self":[{"href":"https:\/\/www.casanastasia.com\/gl\/wp-json\/wp\/v2\/pages\/321","targetHints":{"allow":["GET"]}}],"collection":[{"href":"https:\/\/www.casanastasia.com\/gl\/wp-json\/wp\/v2\/pages"}],"about":[{"href":"https:\/\/www.casanastasia.com\/gl\/wp-json\/wp\/v2\/types\/page"}],"author":[{"embeddable":true,"href":"https:\/\/www.casanastasia.com\/gl\/wp-json\/wp\/v2\/users\/1"}],"replies":[{"embeddable":true,"href":"https:\/\/www.casanastasia.com\/gl\/wp-json\/wp\/v2\/comments?post=321"}],"version-history":[{"count":18,"href":"https:\/\/www.casanastasia.com\/gl\/wp-json\/wp\/v2\/pages\/321\/revisions"}],"predecessor-version":[{"id":1018,"href":"https:\/\/www.casanastasia.com\/gl\/wp-json\/wp\/v2\/pages\/321\/revisions\/1018"}],"wp:attachment":[{"href":"https:\/\/www.casanastasia.com\/gl\/wp-json\/wp\/v2\/media?parent=321"}],"curies":[{"name":"wp","href":"https:\/\/api.w.org\/{rel}","templated":true}]}}